{"id":211,"date":"2025-08-01T09:34:05","date_gmt":"2025-08-01T09:34:05","guid":{"rendered":"http:\/\/batifenetres.com\/?page_id=211"},"modified":"2025-11-07T11:53:55","modified_gmt":"2025-11-07T11:53:55","slug":"header","status":"publish","type":"page","link":"https:\/\/batifenetres.com\/","title":{"rendered":"Fen\u00eatres, volets, portes, &#8230; : B\u00e2ti FEN\u00caTRES poseur de menuiseries ext\u00e9rieurs dans le 03 et alentours."},"content":{"rendered":"","protected":false},"excerpt":{"rendered":"","protected":false},"author":1,"featured_media":29,"parent":0,"menu_order":0,"comment_status":"closed","ping_status":"closed","template":"","meta":{"_themeisle_gutenberg_block_has_review":false,"footnotes":""},"class_list":["post-211","page","type-page","status-publish","has-post-thumbnail","hentry"],"yoast_head":"<!-- This site is optimized with the Yoast SEO plugin v27.4 - https:\/\/yoast.com\/product\/yoast-seo-wordpress\/ -->\n<title>B\u00e2ti FEN\u00caTRES - Menuiseries Ext\u00e9rieures\/Fen\u00eatres Portes volets..<\/title>\n<meta name=\"description\" content=\"B\u00e2ti Fen\u00eatres : pose de fen\u00eatres, portes, volets,... 03 et alentours. Menuiseries PVC, alu ou bois. Qualit\u00e9 pro et devis gratuit.\" \/>\n<meta name=\"robots\" content=\"index, follow, max-snippet:-1, max-image-preview:large, max-video-preview:-1\" \/>\n<link rel=\"canonical\" href=\"https:\/\/batifenetres.com\/\" \/>\n<meta property=\"og:locale\" content=\"fr_FR\" \/>\n<meta property=\"og:type\" content=\"article\" \/>\n<meta property=\"og:title\" content=\"B\u00e2ti FEN\u00caTRES - Menuiseries Ext\u00e9rieures\/Fen\u00eatres Portes volets..\" \/>\n<meta property=\"og:description\" content=\"B\u00e2ti Fen\u00eatres : pose de fen\u00eatres, portes, volets,... 03 et alentours. Menuiseries PVC, alu ou bois. Qualit\u00e9 pro et devis gratuit.\" \/>\n<meta property=\"og:url\" content=\"https:\/\/batifenetres.com\/\" \/>\n<meta property=\"og:site_name\" content=\"BATI FENETRES\" \/>\n<meta property=\"article:publisher\" content=\"https:\/\/www.facebook.com\/profile.php?id=61579123163222\" \/>\n<meta property=\"article:modified_time\" content=\"2025-11-07T11:53:55+00:00\" \/>\n<meta property=\"og:image\" content=\"https:\/\/batifenetres.com\/wp-content\/uploads\/2025\/07\/iStock-1328873467-scaled.jpg\" \/>\n\t<meta property=\"og:image:width\" content=\"2560\" \/>\n\t<meta property=\"og:image:height\" content=\"1280\" \/>\n\t<meta property=\"og:image:type\" content=\"image\/jpeg\" \/>\n<meta name=\"twitter:card\" content=\"summary_large_image\" \/>\n<meta name=\"twitter:label1\" content=\"Dur\u00e9e de lecture estim\u00e9e\" \/>\n\t<meta name=\"twitter:data1\" content=\"2 minutes\" \/>\n<script type=\"application\/ld+json\" class=\"yoast-schema-graph\">{\"@context\":\"https:\\\/\\\/schema.org\",\"@graph\":[{\"@type\":\"WebPage\",\"@id\":\"https:\\\/\\\/batifenetres.com\\\/\",\"url\":\"https:\\\/\\\/batifenetres.com\\\/\",\"name\":\"B\u00e2ti FEN\u00caTRES - Menuiseries Ext\u00e9rieures\\\/Fen\u00eatres Portes volets..\",\"isPartOf\":{\"@id\":\"https:\\\/\\\/batifenetres.com\\\/#website\"},\"primaryImageOfPage\":{\"@id\":\"https:\\\/\\\/batifenetres.com\\\/#primaryimage\"},\"image\":{\"@id\":\"https:\\\/\\\/batifenetres.com\\\/#primaryimage\"},\"thumbnailUrl\":\"https:\\\/\\\/batifenetres.com\\\/wp-content\\\/uploads\\\/2025\\\/07\\\/iStock-1328873467-scaled.jpg\",\"datePublished\":\"2025-08-01T09:34:05+00:00\",\"dateModified\":\"2025-11-07T11:53:55+00:00\",\"description\":\"B\u00e2ti Fen\u00eatres : pose de fen\u00eatres, portes, volets,... 03 et alentours. Menuiseries PVC, alu ou bois. Qualit\u00e9 pro et devis gratuit.\",\"breadcrumb\":{\"@id\":\"https:\\\/\\\/batifenetres.com\\\/#breadcrumb\"},\"inLanguage\":\"fr-FR\",\"potentialAction\":[{\"@type\":\"ReadAction\",\"target\":[\"https:\\\/\\\/batifenetres.com\\\/\"]}]},{\"@type\":\"ImageObject\",\"inLanguage\":\"fr-FR\",\"@id\":\"https:\\\/\\\/batifenetres.com\\\/#primaryimage\",\"url\":\"https:\\\/\\\/batifenetres.com\\\/wp-content\\\/uploads\\\/2025\\\/07\\\/iStock-1328873467-scaled.jpg\",\"contentUrl\":\"https:\\\/\\\/batifenetres.com\\\/wp-content\\\/uploads\\\/2025\\\/07\\\/iStock-1328873467-scaled.jpg\",\"width\":2560,\"height\":1280,\"caption\":\"automatic gate, render 3d\"},{\"@type\":\"BreadcrumbList\",\"@id\":\"https:\\\/\\\/batifenetres.com\\\/#breadcrumb\",\"itemListElement\":[{\"@type\":\"ListItem\",\"position\":1,\"name\":\"Accueil\",\"item\":\"https:\\\/\\\/batifenetres.com\\\/\"},{\"@type\":\"ListItem\",\"position\":2,\"name\":\"Fen\u00eatres, volets, portes, &#8230; : B\u00e2ti FEN\u00caTRES poseur de menuiseries ext\u00e9rieurs dans le 03 et alentours.\"}]},{\"@type\":\"WebSite\",\"@id\":\"https:\\\/\\\/batifenetres.com\\\/#website\",\"url\":\"https:\\\/\\\/batifenetres.com\\\/\",\"name\":\"BATI FENETRES\",\"description\":\"\",\"publisher\":{\"@id\":\"https:\\\/\\\/batifenetres.com\\\/#organization\"},\"potentialAction\":[{\"@type\":\"SearchAction\",\"target\":{\"@type\":\"EntryPoint\",\"urlTemplate\":\"https:\\\/\\\/batifenetres.com\\\/?s={search_term_string}\"},\"query-input\":{\"@type\":\"PropertyValueSpecification\",\"valueRequired\":true,\"valueName\":\"search_term_string\"}}],\"inLanguage\":\"fr-FR\"},{\"@type\":\"Organization\",\"@id\":\"https:\\\/\\\/batifenetres.com\\\/#organization\",\"name\":\"BATI FENETRES\",\"url\":\"https:\\\/\\\/batifenetres.com\\\/\",\"logo\":{\"@type\":\"ImageObject\",\"inLanguage\":\"fr-FR\",\"@id\":\"https:\\\/\\\/batifenetres.com\\\/#\\\/schema\\\/logo\\\/image\\\/\",\"url\":\"https:\\\/\\\/batifenetres.com\\\/wp-content\\\/uploads\\\/2025\\\/07\\\/logo-png-scaled.png\",\"contentUrl\":\"https:\\\/\\\/batifenetres.com\\\/wp-content\\\/uploads\\\/2025\\\/07\\\/logo-png-scaled.png\",\"width\":2560,\"height\":723,\"caption\":\"BATI FENETRES\"},\"image\":{\"@id\":\"https:\\\/\\\/batifenetres.com\\\/#\\\/schema\\\/logo\\\/image\\\/\"},\"sameAs\":[\"https:\\\/\\\/www.facebook.com\\\/profile.php?id=61579123163222\"]}]}<\/script>\n<!-- \/ Yoast SEO plugin. -->","yoast_head_json":{"title":"B\u00e2ti FEN\u00caTRES - Menuiseries Ext\u00e9rieures\/Fen\u00eatres Portes volets..","description":"B\u00e2ti Fen\u00eatres : pose de fen\u00eatres, portes, volets,... 03 et alentours. Menuiseries PVC, alu ou bois. Qualit\u00e9 pro et devis gratuit.","robots":{"index":"index","follow":"follow","max-snippet":"max-snippet:-1","max-image-preview":"max-image-preview:large","max-video-preview":"max-video-preview:-1"},"canonical":"https:\/\/batifenetres.com\/","og_locale":"fr_FR","og_type":"article","og_title":"B\u00e2ti FEN\u00caTRES - Menuiseries Ext\u00e9rieures\/Fen\u00eatres Portes volets..","og_description":"B\u00e2ti Fen\u00eatres : pose de fen\u00eatres, portes, volets,... 03 et alentours. Menuiseries PVC, alu ou bois. Qualit\u00e9 pro et devis gratuit.","og_url":"https:\/\/batifenetres.com\/","og_site_name":"BATI FENETRES","article_publisher":"https:\/\/www.facebook.com\/profile.php?id=61579123163222","article_modified_time":"2025-11-07T11:53:55+00:00","og_image":[{"width":2560,"height":1280,"url":"https:\/\/batifenetres.com\/wp-content\/uploads\/2025\/07\/iStock-1328873467-scaled.jpg","type":"image\/jpeg"}],"twitter_card":"summary_large_image","twitter_misc":{"Dur\u00e9e de lecture estim\u00e9e":"2 minutes"},"schema":{"@context":"https:\/\/schema.org","@graph":[{"@type":"WebPage","@id":"https:\/\/batifenetres.com\/","url":"https:\/\/batifenetres.com\/","name":"B\u00e2ti FEN\u00caTRES - Menuiseries Ext\u00e9rieures\/Fen\u00eatres Portes volets..","isPartOf":{"@id":"https:\/\/batifenetres.com\/#website"},"primaryImageOfPage":{"@id":"https:\/\/batifenetres.com\/#primaryimage"},"image":{"@id":"https:\/\/batifenetres.com\/#primaryimage"},"thumbnailUrl":"https:\/\/batifenetres.com\/wp-content\/uploads\/2025\/07\/iStock-1328873467-scaled.jpg","datePublished":"2025-08-01T09:34:05+00:00","dateModified":"2025-11-07T11:53:55+00:00","description":"B\u00e2ti Fen\u00eatres : pose de fen\u00eatres, portes, volets,... 03 et alentours. Menuiseries PVC, alu ou bois. Qualit\u00e9 pro et devis gratuit.","breadcrumb":{"@id":"https:\/\/batifenetres.com\/#breadcrumb"},"inLanguage":"fr-FR","potentialAction":[{"@type":"ReadAction","target":["https:\/\/batifenetres.com\/"]}]},{"@type":"ImageObject","inLanguage":"fr-FR","@id":"https:\/\/batifenetres.com\/#primaryimage","url":"https:\/\/batifenetres.com\/wp-content\/uploads\/2025\/07\/iStock-1328873467-scaled.jpg","contentUrl":"https:\/\/batifenetres.com\/wp-content\/uploads\/2025\/07\/iStock-1328873467-scaled.jpg","width":2560,"height":1280,"caption":"automatic gate, render 3d"},{"@type":"BreadcrumbList","@id":"https:\/\/batifenetres.com\/#breadcrumb","itemListElement":[{"@type":"ListItem","position":1,"name":"Accueil","item":"https:\/\/batifenetres.com\/"},{"@type":"ListItem","position":2,"name":"Fen\u00eatres, volets, portes, &#8230; : B\u00e2ti FEN\u00caTRES poseur de menuiseries ext\u00e9rieurs dans le 03 et alentours."}]},{"@type":"WebSite","@id":"https:\/\/batifenetres.com\/#website","url":"https:\/\/batifenetres.com\/","name":"BATI FENETRES","description":"","publisher":{"@id":"https:\/\/batifenetres.com\/#organization"},"potentialAction":[{"@type":"SearchAction","target":{"@type":"EntryPoint","urlTemplate":"https:\/\/batifenetres.com\/?s={search_term_string}"},"query-input":{"@type":"PropertyValueSpecification","valueRequired":true,"valueName":"search_term_string"}}],"inLanguage":"fr-FR"},{"@type":"Organization","@id":"https:\/\/batifenetres.com\/#organization","name":"BATI FENETRES","url":"https:\/\/batifenetres.com\/","logo":{"@type":"ImageObject","inLanguage":"fr-FR","@id":"https:\/\/batifenetres.com\/#\/schema\/logo\/image\/","url":"https:\/\/batifenetres.com\/wp-content\/uploads\/2025\/07\/logo-png-scaled.png","contentUrl":"https:\/\/batifenetres.com\/wp-content\/uploads\/2025\/07\/logo-png-scaled.png","width":2560,"height":723,"caption":"BATI FENETRES"},"image":{"@id":"https:\/\/batifenetres.com\/#\/schema\/logo\/image\/"},"sameAs":["https:\/\/www.facebook.com\/profile.php?id=61579123163222"]}]}},"_links":{"self":[{"href":"https:\/\/batifenetres.com\/index.php\/wp-json\/wp\/v2\/pages\/211","targetHints":{"allow":["GET"]}}],"collection":[{"href":"https:\/\/batifenetres.com\/index.php\/wp-json\/wp\/v2\/pages"}],"about":[{"href":"https:\/\/batifenetres.com\/index.php\/wp-json\/wp\/v2\/types\/page"}],"author":[{"embeddable":true,"href":"https:\/\/batifenetres.com\/index.php\/wp-json\/wp\/v2\/users\/1"}],"replies":[{"embeddable":true,"href":"https:\/\/batifenetres.com\/index.php\/wp-json\/wp\/v2\/comments?post=211"}],"version-history":[{"count":5,"href":"https:\/\/batifenetres.com\/index.php\/wp-json\/wp\/v2\/pages\/211\/revisions"}],"predecessor-version":[{"id":301,"href":"https:\/\/batifenetres.com\/index.php\/wp-json\/wp\/v2\/pages\/211\/revisions\/301"}],"wp:featuredmedia":[{"embeddable":true,"href":"https:\/\/batifenetres.com\/index.php\/wp-json\/wp\/v2\/media\/29"}],"wp:attachment":[{"href":"https:\/\/batifenetres.com\/index.php\/wp-json\/wp\/v2\/media?parent=211"}],"curies":[{"name":"wp","href":"https:\/\/api.w.org\/{rel}","templated":true}]}}