{"id":149,"date":"2025-07-31T13:46:26","date_gmt":"2025-07-31T13:46:26","guid":{"rendered":"http:\/\/batifenetres.com\/?page_id=149"},"modified":"2025-07-31T13:51:24","modified_gmt":"2025-07-31T13:51:24","slug":"mentions-legales","status":"publish","type":"page","link":"https:\/\/batifenetres.com\/index.php\/mentions-legales\/","title":{"rendered":"Mentions l\u00e9gales"},"content":{"rendered":"\n<h2 class=\"wp-block-heading has-ti-fg-color has-text-color has-link-color wp-elements-5a4a0a56b97d4712ec17ca4d7b9eec07\">Mentions l\u00e9gales \u2013 Bati Service Plus<\/h2>\n\n\n\n<h3 class=\"wp-block-heading has-ti-fg-color has-text-color has-link-color wp-elements-13e9d6382d8cd8cb6627f42794122cf2\">1. \u00c9diteur du site<\/h3>\n\n\n\n<p><strong>Nom de l\u2019entreprise<\/strong> : Bati Service Plus<br><strong>Adresse<\/strong> : 1 Le Ch\u00e2telier, 03120 Saint-Prix, France<br><strong>SIRET<\/strong> : 420 376 493 00011<br><strong>Responsable de la publication<\/strong> : Bati Service Plus<br><strong>T\u00e9l\u00e9phone<\/strong> : (\u00e0 compl\u00e9ter si souhait\u00e9)<br><strong>E-mail<\/strong> : <a>batifenetres@groupeguerrier.fr<\/a><br><strong>Site web<\/strong> : [<a>www.batifenetre.com<\/a>] <\/p>\n\n\n\n<hr class=\"wp-block-separator has-alpha-channel-opacity\"\/>\n\n\n\n<h3 class=\"wp-block-heading has-ti-fg-color has-text-color has-link-color wp-elements-5c839b750d38cd38325444db78c728af\">2. H\u00e9bergeur du site<\/h3>\n\n\n\n<p><strong>OVH SAS<\/strong><br>2 rue Kellermann \u2013 59100 Roubaix \u2013 France<br>T\u00e9l. : 1007<br>Site web : <a>https:\/\/www.ovh.com<\/a><\/p>\n\n\n\n<hr class=\"wp-block-separator has-alpha-channel-opacity\"\/>\n\n\n\n<h3 class=\"wp-block-heading has-ti-fg-color has-text-color has-link-color wp-elements-0e35df0e5657dd5c7b02bf3f65fbb962\">3. Propri\u00e9t\u00e9 intellectuelle<\/h3>\n\n\n\n<p>L\u2019ensemble des \u00e9l\u00e9ments pr\u00e9sents sur ce site (textes, images, logos, vid\u00e9os, etc.) est la propri\u00e9t\u00e9 exclusive de Bati Service Plus ou fait l\u2019objet d\u2019une autorisation d\u2019utilisation.<br>Toute reproduction, repr\u00e9sentation, modification ou exploitation, totale ou partielle, sans autorisation \u00e9crite pr\u00e9alable est interdite.<\/p>\n\n\n\n<hr class=\"wp-block-separator has-alpha-channel-opacity\"\/>\n\n\n\n<h3 class=\"wp-block-heading has-ti-fg-color has-text-color has-link-color wp-elements-7394ab8231fb74952a20ad0f9083e14d\">4. Donn\u00e9es personnelles<\/h3>\n\n\n\n<p>Les donn\u00e9es personnelles collect\u00e9es via le formulaire de contact sont utilis\u00e9es uniquement pour r\u00e9pondre aux demandes de l\u2019utilisateur.<br>Aucune donn\u00e9e n\u2019est c\u00e9d\u00e9e ou vendue \u00e0 des tiers.<br>Conform\u00e9ment au R\u00e8glement G\u00e9n\u00e9ral sur la Protection des Donn\u00e9es (RGPD), vous pouvez exercer vos droits d\u2019acc\u00e8s, de rectification ou de suppression en nous contactant \u00e0 l\u2019adresse suivante :<br>\ud83d\udce7 <a>batifenetres@groupeguerrier.fr<\/a><\/p>\n\n\n\n<hr class=\"wp-block-separator has-alpha-channel-opacity\"\/>\n\n\n\n<h3 class=\"wp-block-heading has-ti-fg-color has-text-color has-link-color wp-elements-ac327db73936eaff7090649310f61069\">5. Cookies<\/h3>\n\n\n\n<p>Ce site peut utiliser des cookies \u00e0 des fins statistiques ou fonctionnelles.<br>Vous pouvez accepter ou refuser leur utilisation via la banni\u00e8re pr\u00e9vue \u00e0 cet effet ou param\u00e9trer vos pr\u00e9f\u00e9rences dans votre navigateur.<\/p>\n\n\n\n<p class=\"has-ti-fg-color has-ti-bg-background-color has-text-color has-background has-link-color wp-elements-eb5145acc6edd33580b7bc6ab68e95b7\"><\/p>\n\n\n\n<p><\/p>\n","protected":false},"excerpt":{"rendered":"<p>Mentions l\u00e9gales \u2013 Bati Service Plus 1. \u00c9diteur du site Nom de l\u2019entreprise : Bati Service PlusAdresse : 1 Le Ch\u00e2telier, 03120 Saint-Prix, FranceSIRET : 420 376 493 00011Responsable de la publication : Bati Service PlusT\u00e9l\u00e9phone : (\u00e0 compl\u00e9ter si souhait\u00e9)E-mail : batifenetres@groupeguerrier.frSite web : [www.batifenetre.com] 2. H\u00e9bergeur du site OVH SAS2 rue Kellermann \u2013 [&hellip;]<\/p>\n","protected":false},"author":1,"featured_media":0,"parent":0,"menu_order":0,"comment_status":"closed","ping_status":"closed","template":"","meta":{"_themeisle_gutenberg_block_has_review":false,"footnotes":""},"class_list":["post-149","page","type-page","status-publish","hentry"],"yoast_head":"<!-- This site is optimized with the Yoast SEO plugin v27.4 - https:\/\/yoast.com\/product\/yoast-seo-wordpress\/ -->\n<title>Mentions l\u00e9gales - BATI FENETRES<\/title>\n<meta name=\"robots\" content=\"index, follow, max-snippet:-1, max-image-preview:large, max-video-preview:-1\" \/>\n<link rel=\"canonical\" href=\"https:\/\/batifenetres.com\/index.php\/mentions-legales\/\" \/>\n<meta property=\"og:locale\" content=\"fr_FR\" \/>\n<meta property=\"og:type\" content=\"article\" \/>\n<meta property=\"og:title\" content=\"Mentions l\u00e9gales - BATI FENETRES\" \/>\n<meta property=\"og:description\" content=\"Mentions l\u00e9gales \u2013 Bati Service Plus 1. \u00c9diteur du site Nom de l\u2019entreprise : Bati Service PlusAdresse : 1 Le Ch\u00e2telier, 03120 Saint-Prix, FranceSIRET : 420 376 493 00011Responsable de la publication : Bati Service PlusT\u00e9l\u00e9phone : (\u00e0 compl\u00e9ter si souhait\u00e9)E-mail : batifenetres@groupeguerrier.frSite web : [www.batifenetre.com] 2. H\u00e9bergeur du site OVH SAS2 rue Kellermann \u2013 [&hellip;]\" \/>\n<meta property=\"og:url\" content=\"https:\/\/batifenetres.com\/index.php\/mentions-legales\/\" \/>\n<meta property=\"og:site_name\" content=\"BATI FENETRES\" \/>\n<meta property=\"article:publisher\" content=\"https:\/\/www.facebook.com\/profile.php?id=61579123163222\" \/>\n<meta property=\"article:modified_time\" content=\"2025-07-31T13:51:24+00:00\" \/>\n<meta name=\"twitter:card\" content=\"summary_large_image\" \/>\n<meta name=\"twitter:label1\" content=\"Dur\u00e9e de lecture estim\u00e9e\" \/>\n\t<meta name=\"twitter:data1\" content=\"1 minute\" \/>\n<script type=\"application\/ld+json\" class=\"yoast-schema-graph\">{\"@context\":\"https:\\\/\\\/schema.org\",\"@graph\":[{\"@type\":\"WebPage\",\"@id\":\"https:\\\/\\\/batifenetres.com\\\/index.php\\\/mentions-legales\\\/\",\"url\":\"https:\\\/\\\/batifenetres.com\\\/index.php\\\/mentions-legales\\\/\",\"name\":\"Mentions l\u00e9gales - BATI FENETRES\",\"isPartOf\":{\"@id\":\"https:\\\/\\\/batifenetres.com\\\/#website\"},\"datePublished\":\"2025-07-31T13:46:26+00:00\",\"dateModified\":\"2025-07-31T13:51:24+00:00\",\"breadcrumb\":{\"@id\":\"https:\\\/\\\/batifenetres.com\\\/index.php\\\/mentions-legales\\\/#breadcrumb\"},\"inLanguage\":\"fr-FR\",\"potentialAction\":[{\"@type\":\"ReadAction\",\"target\":[\"https:\\\/\\\/batifenetres.com\\\/index.php\\\/mentions-legales\\\/\"]}]},{\"@type\":\"BreadcrumbList\",\"@id\":\"https:\\\/\\\/batifenetres.com\\\/index.php\\\/mentions-legales\\\/#breadcrumb\",\"itemListElement\":[{\"@type\":\"ListItem\",\"position\":1,\"name\":\"Accueil\",\"item\":\"https:\\\/\\\/batifenetres.com\\\/\"},{\"@type\":\"ListItem\",\"position\":2,\"name\":\"Mentions l\u00e9gales\"}]},{\"@type\":\"WebSite\",\"@id\":\"https:\\\/\\\/batifenetres.com\\\/#website\",\"url\":\"https:\\\/\\\/batifenetres.com\\\/\",\"name\":\"BATI FENETRES\",\"description\":\"\",\"publisher\":{\"@id\":\"https:\\\/\\\/batifenetres.com\\\/#organization\"},\"potentialAction\":[{\"@type\":\"SearchAction\",\"target\":{\"@type\":\"EntryPoint\",\"urlTemplate\":\"https:\\\/\\\/batifenetres.com\\\/?s={search_term_string}\"},\"query-input\":{\"@type\":\"PropertyValueSpecification\",\"valueRequired\":true,\"valueName\":\"search_term_string\"}}],\"inLanguage\":\"fr-FR\"},{\"@type\":\"Organization\",\"@id\":\"https:\\\/\\\/batifenetres.com\\\/#organization\",\"name\":\"BATI FENETRES\",\"url\":\"https:\\\/\\\/batifenetres.com\\\/\",\"logo\":{\"@type\":\"ImageObject\",\"inLanguage\":\"fr-FR\",\"@id\":\"https:\\\/\\\/batifenetres.com\\\/#\\\/schema\\\/logo\\\/image\\\/\",\"url\":\"https:\\\/\\\/batifenetres.com\\\/wp-content\\\/uploads\\\/2025\\\/07\\\/logo-png-scaled.png\",\"contentUrl\":\"https:\\\/\\\/batifenetres.com\\\/wp-content\\\/uploads\\\/2025\\\/07\\\/logo-png-scaled.png\",\"width\":2560,\"height\":723,\"caption\":\"BATI FENETRES\"},\"image\":{\"@id\":\"https:\\\/\\\/batifenetres.com\\\/#\\\/schema\\\/logo\\\/image\\\/\"},\"sameAs\":[\"https:\\\/\\\/www.facebook.com\\\/profile.php?id=61579123163222\"]}]}<\/script>\n<!-- \/ Yoast SEO plugin. -->","yoast_head_json":{"title":"Mentions l\u00e9gales - BATI FENETRES","robots":{"index":"index","follow":"follow","max-snippet":"max-snippet:-1","max-image-preview":"max-image-preview:large","max-video-preview":"max-video-preview:-1"},"canonical":"https:\/\/batifenetres.com\/index.php\/mentions-legales\/","og_locale":"fr_FR","og_type":"article","og_title":"Mentions l\u00e9gales - BATI FENETRES","og_description":"Mentions l\u00e9gales \u2013 Bati Service Plus 1. \u00c9diteur du site Nom de l\u2019entreprise : Bati Service PlusAdresse : 1 Le Ch\u00e2telier, 03120 Saint-Prix, FranceSIRET : 420 376 493 00011Responsable de la publication : Bati Service PlusT\u00e9l\u00e9phone : (\u00e0 compl\u00e9ter si souhait\u00e9)E-mail : batifenetres@groupeguerrier.frSite web : [www.batifenetre.com] 2. H\u00e9bergeur du site OVH SAS2 rue Kellermann \u2013 [&hellip;]","og_url":"https:\/\/batifenetres.com\/index.php\/mentions-legales\/","og_site_name":"BATI FENETRES","article_publisher":"https:\/\/www.facebook.com\/profile.php?id=61579123163222","article_modified_time":"2025-07-31T13:51:24+00:00","twitter_card":"summary_large_image","twitter_misc":{"Dur\u00e9e de lecture estim\u00e9e":"1 minute"},"schema":{"@context":"https:\/\/schema.org","@graph":[{"@type":"WebPage","@id":"https:\/\/batifenetres.com\/index.php\/mentions-legales\/","url":"https:\/\/batifenetres.com\/index.php\/mentions-legales\/","name":"Mentions l\u00e9gales - BATI FENETRES","isPartOf":{"@id":"https:\/\/batifenetres.com\/#website"},"datePublished":"2025-07-31T13:46:26+00:00","dateModified":"2025-07-31T13:51:24+00:00","breadcrumb":{"@id":"https:\/\/batifenetres.com\/index.php\/mentions-legales\/#breadcrumb"},"inLanguage":"fr-FR","potentialAction":[{"@type":"ReadAction","target":["https:\/\/batifenetres.com\/index.php\/mentions-legales\/"]}]},{"@type":"BreadcrumbList","@id":"https:\/\/batifenetres.com\/index.php\/mentions-legales\/#breadcrumb","itemListElement":[{"@type":"ListItem","position":1,"name":"Accueil","item":"https:\/\/batifenetres.com\/"},{"@type":"ListItem","position":2,"name":"Mentions l\u00e9gales"}]},{"@type":"WebSite","@id":"https:\/\/batifenetres.com\/#website","url":"https:\/\/batifenetres.com\/","name":"BATI FENETRES","description":"","publisher":{"@id":"https:\/\/batifenetres.com\/#organization"},"potentialAction":[{"@type":"SearchAction","target":{"@type":"EntryPoint","urlTemplate":"https:\/\/batifenetres.com\/?s={search_term_string}"},"query-input":{"@type":"PropertyValueSpecification","valueRequired":true,"valueName":"search_term_string"}}],"inLanguage":"fr-FR"},{"@type":"Organization","@id":"https:\/\/batifenetres.com\/#organization","name":"BATI FENETRES","url":"https:\/\/batifenetres.com\/","logo":{"@type":"ImageObject","inLanguage":"fr-FR","@id":"https:\/\/batifenetres.com\/#\/schema\/logo\/image\/","url":"https:\/\/batifenetres.com\/wp-content\/uploads\/2025\/07\/logo-png-scaled.png","contentUrl":"https:\/\/batifenetres.com\/wp-content\/uploads\/2025\/07\/logo-png-scaled.png","width":2560,"height":723,"caption":"BATI FENETRES"},"image":{"@id":"https:\/\/batifenetres.com\/#\/schema\/logo\/image\/"},"sameAs":["https:\/\/www.facebook.com\/profile.php?id=61579123163222"]}]}},"_links":{"self":[{"href":"https:\/\/batifenetres.com\/index.php\/wp-json\/wp\/v2\/pages\/149","targetHints":{"allow":["GET"]}}],"collection":[{"href":"https:\/\/batifenetres.com\/index.php\/wp-json\/wp\/v2\/pages"}],"about":[{"href":"https:\/\/batifenetres.com\/index.php\/wp-json\/wp\/v2\/types\/page"}],"author":[{"embeddable":true,"href":"https:\/\/batifenetres.com\/index.php\/wp-json\/wp\/v2\/users\/1"}],"replies":[{"embeddable":true,"href":"https:\/\/batifenetres.com\/index.php\/wp-json\/wp\/v2\/comments?post=149"}],"version-history":[{"count":8,"href":"https:\/\/batifenetres.com\/index.php\/wp-json\/wp\/v2\/pages\/149\/revisions"}],"predecessor-version":[{"id":159,"href":"https:\/\/batifenetres.com\/index.php\/wp-json\/wp\/v2\/pages\/149\/revisions\/159"}],"wp:attachment":[{"href":"https:\/\/batifenetres.com\/index.php\/wp-json\/wp\/v2\/media?parent=149"}],"curies":[{"name":"wp","href":"https:\/\/api.w.org\/{rel}","templated":true}]}}